{"id":12,"date":"2016-08-30T10:44:38","date_gmt":"2016-08-30T10:44:38","guid":{"rendered":"http:\/\/kvarnens.com\/?page_id=12"},"modified":"2016-08-30T10:44:38","modified_gmt":"2016-08-30T10:44:38","slug":"underhall","status":"publish","type":"page","link":"https:\/\/kvarnens.com\/?page_id=12","title":{"rendered":"Underh\u00e5ll"},"content":{"rendered":"<p>Vi f\u00e5r ofta fr\u00e5gor om hur man p\u00e5 b\u00e4sta s\u00e4tt tar hand om sina nyrenoverade f\u00f6nster &#8211; och hur man p\u00e5 ett tidigt stadium kan uppt\u00e4cka problem med sina gamla. H\u00e4r \u00e4r v\u00e5ra vanligaste r\u00e5d:<\/p>\n<p><strong>Nyrenoverade f\u00f6nster<\/strong><\/p>\n<ul>\n<li>Tv\u00e4tta av m\u00e5lade ytor med l\u00e4tt s\u00e5pat vatten en g\u00e5ng om \u00e5ret. D\u00e5 h\u00e5ller ytskiktet l\u00e4ngre.<\/li>\n<li>Var uppm\u00e4rksam p\u00e5 n\u00e4r f\u00e4rgen b\u00f6rjar mattas, det tar oftast cirka 5 \u00e5r. Det \u00e4r ett tecken p\u00e5 att bindemedlet, linoljan, har oxiderat och m\u00e5ste tillf\u00f6ras p\u00e5 nytt. Det g\u00f6rs enklast genom att stryka ytorna med en linolja av bra kvalitet. Anv\u00e4nder du linoljevax ist\u00e4llet m\u00e5ste det slipas bort innan en framtida omm\u00e5lning.<\/li>\n<\/ul>\n<p><strong>\u00c4ldre f\u00f6nster<\/strong><\/p>\n<p>Om f\u00e4rger b\u00f6rjat flaga eller spricka eller om kittfalsarna \u00e4r ot\u00e4ta s\u00e5 kommer det f\u00f6rr eller senare in fukt i tr\u00e4et. Det kan p\u00e5 lite l\u00e4ngre sikt resultera i tr\u00e4r\u00f6ta.\u00a0Kondens kan bero p\u00e5 ot\u00e4ta kittfalsar, felmonterade t\u00e4tningslister eller att b\u00e5gens passform i karmen \u00e4r d\u00e5lig. Det resulterar ofta i fukt- och r\u00f6tskador.<\/p>\n<p>Med andra ord: Uppvisar dina f\u00f6nster dessa problem &#8211; \u00e5tg\u00e4rda dem i tid. D\u00e5 beh\u00f6ver &#8221;ingreppet&#8221; inte bli st\u00f6rre \u00e4n absolut n\u00f6dv\u00e4ndigt.<\/p>\n","protected":false},"excerpt":{"rendered":"<p>Vi f\u00e5r ofta fr\u00e5gor om hur man p\u00e5 b\u00e4sta s\u00e4tt tar hand om sina nyrenoverade f\u00f6nster &#8211; och hur man p\u00e5 ett tidigt stadium kan uppt\u00e4cka problem med sina gamla. H\u00e4r \u00e4r v\u00e5ra vanligaste r\u00e5d: Nyrenoverade f\u00f6nster Tv\u00e4tta av m\u00e5lade ytor med l\u00e4tt s\u00e5pat vatten en g\u00e5ng om \u00e5ret. D\u00e5 h\u00e5ller ytskiktet l\u00e4ngre. Var uppm\u00e4rksam p\u00e5 n\u00e4r f\u00e4rgen b\u00f6rjar mattas, [&hellip;]<\/p>\n","protected":false},"author":1,"featured_media":0,"parent":132,"menu_order":4,"comment_status":"closed","ping_status":"closed","template":"","meta":[],"_links":{"self":[{"href":"https:\/\/kvarnens.com\/index.php?rest_route=\/wp\/v2\/pages\/12"}],"collection":[{"href":"https:\/\/kvarnens.com\/index.php?rest_route=\/wp\/v2\/pages"}],"about":[{"href":"https:\/\/kvarnens.com\/index.php?rest_route=\/wp\/v2\/types\/page"}],"author":[{"embeddable":true,"href":"https:\/\/kvarnens.com\/index.php?rest_route=\/wp\/v2\/users\/1"}],"replies":[{"embeddable":true,"href":"https:\/\/kvarnens.com\/index.php?rest_route=%2Fwp%2Fv2%2Fcomments&post=12"}],"version-history":[{"count":0,"href":"https:\/\/kvarnens.com\/index.php?rest_route=\/wp\/v2\/pages\/12\/revisions"}],"up":[{"embeddable":true,"href":"https:\/\/kvarnens.com\/index.php?rest_route=\/wp\/v2\/pages\/132"}],"wp:attachment":[{"href":"https:\/\/kvarnens.com\/index.php?rest_route=%2Fwp%2Fv2%2Fmedia&parent=12"}],"curies":[{"name":"wp","href":"https:\/\/api.w.org\/{rel}","templated":true}]}}