{"id":20,"date":"2016-08-30T10:51:12","date_gmt":"2016-08-30T10:51:12","guid":{"rendered":"http:\/\/kvarnens.com\/?page_id=20"},"modified":"2016-08-30T10:51:12","modified_gmt":"2016-08-30T10:51:12","slug":"glastyper","status":"publish","type":"page","link":"https:\/\/kvarnens.com\/?page_id=20","title":{"rendered":"Glastyper"},"content":{"rendered":"<p>Glas till f\u00f6nster b\u00f6rjade anv\u00e4ndas av vanligt folk f\u00f6rst i b\u00f6rjan av 1700-talet, ofta var man s\u00e5 r\u00e4dd om glaset att man tog det med sig n\u00e4r man flyttade.\u00a0De \u00e4ldre typer av glas som vi finner i Sverige idag \u00e4r m\u00e5nglas, ocks\u00e5 kallat kronglas, cylinderglas och valsat glas.<\/p>\n<p><strong>M\u00e5nglas<\/strong><br \/>\nM\u00e5nglasmetoden har sitt ursprung i romartiden och anv\u00e4ndes \u00e4nda fram till b\u00f6rjan av 1800-talet. F\u00f6rst bl\u00e5ste man en stor glaskula som plattades till och f\u00e4stes mot en puntel (en varm j\u00e4rnst\u00e5ng som sm\u00e4lts samman med glaskulan). Pipan spr\u00e4ngdes loss och \u00f6ppningen utvidgades genom rotation. Glaskulan p\u00e5minner i detta l\u00e4ge om en krona (kronglas). Efter fortsatt bearbetning fick man till slut en stor cirkelrund skiva. Den tjockare centrumdelen (ox\u00f6gat) skars bort och resten delades i tv\u00e5 halvm\u00e5nformiga bitar &#8211; \u201dm\u00e5nglas\u201d.\u00a0Glaset k\u00e4nns igen p\u00e5 sina b\u00e5gformiga skiftningar och kraftiga oj\u00e4mnheter, man kan \u00e4ven st\u00f6ta p\u00e5 ox\u00f6gat som ibland anv\u00e4ndes till enklare f\u00f6nster. Tjockleken kan variera kraftigt.<\/p>\n<p><strong>Cylinderglas<\/strong><br \/>\nCylindermetoden anv\u00e4ndes fr\u00e5n b\u00f6rjan av 1800-talet t.o.m. 1933 i v\u00e5rt land. Metoden innebar att man bl\u00e5ste upp en stor glascylinder, den kunde vara \u00e4nda upp till 3 meter l\u00e5ng. D\u00e4refter spr\u00e4ngdes cylindern i b\u00e4gge \u00e4ndarna och spr\u00e4cktes p\u00e5 l\u00e4ngden. Efter uppv\u00e4rmning \u00f6ppnades cylindern och planades ut till en taffel (gammalt ord f\u00f6r planglas).\u00a0Glaset k\u00e4nns igen p\u00e5 sina parallella skiftningar och oj\u00e4mnheter. Glasens tjocklekar varierar, allt ifr\u00e5n 1 mm till 8 mm beroende p\u00e5 n\u00e4r och var det \u00e4r tillverkat.<\/p>\n<p><strong>Valsat glas<\/strong><br \/>\nValsat glas kom i slutet av 1920-talet. Glasmassan drogs genom stora valsar och st\u00f6rre rutor kunde tillverkas. I dessa glas finns r\u00e4nder efter valsarna och ovala bl\u00e5sor som syns parallellt med r\u00e4nderna.<\/p>\n<p><strong>Modernt glas<\/strong><br \/>\nP\u00e5 1970-talet introducerades floatglas som ger s\u00e5 gott som perfekta glasrutor utan oj\u00e4mnheter eller bl\u00e5sor. Glasmassan h\u00e4lls p\u00e5 flytande tenn f\u00f6r att senare i processen stelna. Allt glas i Sverige tillverkas i dag enligt floatglasmetoden.<\/p>\n","protected":false},"excerpt":{"rendered":"<p>Glas till f\u00f6nster b\u00f6rjade anv\u00e4ndas av vanligt folk f\u00f6rst i b\u00f6rjan av 1700-talet, ofta var man s\u00e5 r\u00e4dd om glaset att man tog det med sig n\u00e4r man flyttade.\u00a0De \u00e4ldre typer av glas som vi finner i Sverige idag \u00e4r m\u00e5nglas, ocks\u00e5 kallat kronglas, cylinderglas och valsat glas. M\u00e5nglas M\u00e5nglasmetoden har sitt ursprung i romartiden och anv\u00e4ndes \u00e4nda fram till [&hellip;]<\/p>\n","protected":false},"author":1,"featured_media":0,"parent":18,"menu_order":1,"comment_status":"closed","ping_status":"closed","template":"","meta":[],"_links":{"self":[{"href":"https:\/\/kvarnens.com\/index.php?rest_route=\/wp\/v2\/pages\/20"}],"collection":[{"href":"https:\/\/kvarnens.com\/index.php?rest_route=\/wp\/v2\/pages"}],"about":[{"href":"https:\/\/kvarnens.com\/index.php?rest_route=\/wp\/v2\/types\/page"}],"author":[{"embeddable":true,"href":"https:\/\/kvarnens.com\/index.php?rest_route=\/wp\/v2\/users\/1"}],"replies":[{"embeddable":true,"href":"https:\/\/kvarnens.com\/index.php?rest_route=%2Fwp%2Fv2%2Fcomments&post=20"}],"version-history":[{"count":0,"href":"https:\/\/kvarnens.com\/index.php?rest_route=\/wp\/v2\/pages\/20\/revisions"}],"up":[{"embeddable":true,"href":"https:\/\/kvarnens.com\/index.php?rest_route=\/wp\/v2\/pages\/18"}],"wp:attachment":[{"href":"https:\/\/kvarnens.com\/index.php?rest_route=%2Fwp%2Fv2%2Fmedia&parent=20"}],"curies":[{"name":"wp","href":"https:\/\/api.w.org\/{rel}","templated":true}]}}